{"id":300,"date":"2025-11-30T01:06:35","date_gmt":"2025-11-29T22:06:35","guid":{"rendered":"https:\/\/demositelerim.biz.tr\/dthaber\/?page_id=300"},"modified":"2025-11-30T02:57:48","modified_gmt":"2025-11-29T23:57:48","slug":"hakkimizda","status":"publish","type":"page","link":"https:\/\/turkdeutsch.com\/index.php\/hakkimizda\/","title":{"rendered":"Hakk\u0131m\u0131zda"},"content":{"rendered":"<h2><strong>Hakk\u0131m\u0131zda<\/strong><\/h2>\n<hr \/>\n<p>Almanya ve T\u00fcrkiye aras\u0131ndaki diplomatik, ekonomik ve toplumsal ili\u015fkileri en g\u00fcncel, en g\u00fcvenilir ve en analitik bak\u0131\u015f a\u00e7\u0131s\u0131yla aktarmak i\u00e7in buraday\u0131z. \u0130\u015f d\u00fcnyas\u0131 ve ba\u015far\u0131 \u00f6yk\u00fclerini oda\u011f\u0131na alan \u00f6zel bir haber ve analiz platformuyuz.<\/p>\n<p>\u0130ki \u00fclke aras\u0131ndaki ticari ili\u015fkilerin, yat\u0131r\u0131mlar\u0131n, giri\u015fimcilik hik\u00e2yelerinin ve ekonomik d\u00f6n\u00fc\u015f\u00fcmlerin nabz\u0131n\u0131 tutarak; karar vericilere, i\u015f insanlar\u0131na ve gen\u00e7 profesyonellere g\u00fcvenilir, ilham verici ve analitik i\u00e7erik sunuyoruz.<\/p>\n<p>\u00c7\u00fcnk\u00fc biz; Almanya ve T\u00fcrkiye\u2019nin ekonomik potansiyeline inanan, iki \u00fclke aras\u0131ndaki ba\u015far\u0131 hik\u00e2yelerinin yeni giri\u015fimlere ilham verdi\u011fini d\u00fc\u015f\u00fcnen ve i\u015f d\u00fcnyas\u0131n\u0131n nabz\u0131n\u0131 profesyonel bir perspektifle tutan bir ekibiz.<\/p>\n<h3>Misyonumuz<\/h3>\n<p>Almanya ve T\u00fcrkiye siyaseti aras\u0131nda k\u00f6pr\u00fc kurarak, iki \u00fclkeyi ilgilendiren kritik geli\u015fmeleri, g\u00fcvenilir kaynaklar, \u00e7ok y\u00f6nl\u00fc perspektifler ve analitik haber dili ile sunmak.<\/p>\n<h3>Ne Sunuyoruz?<\/h3>\n<p><strong>G\u00fcncel Haberler:<\/strong> Berlin ve Ankara eksenli t\u00fcm politik geli\u015fmeleri anl\u0131k takip ediyoruz.<\/p>\n<p><strong>\u00d6zel Dosyalar &amp; Analizler:<\/strong> D\u0131\u015f politika, ekonomi politikalar\u0131, g\u00f6\u00e7, g\u00fcvenlik, Avrupa Birli\u011fi ili\u015fkileri ve b\u00f6lgesel jeopolitik konularda kapsaml\u0131 incelemeler haz\u0131rl\u0131yoruz.<\/p>\n<p><strong>Diplomatik Ajanda:<\/strong> \u0130ki \u00fclke aras\u0131nda yap\u0131lan resmi ziyaretleri, anla\u015fmalar\u0131, a\u00e7\u0131klamalar\u0131 ve stratejik i\u015f birliklerini yak\u0131ndan izliyoruz.<\/p>\n<p><strong>\u00c7ift Dillilik:<\/strong> \u0130\u00e7eriklerimizi T\u00fcrk\u00e7e ve Almanca haz\u0131rlayarak iki \u00fclkenin kamuoyuna e\u015f zamanl\u0131 eri\u015fim sa\u011fl\u0131yoruz.<\/p>\n<p><strong>Editoryal ilkelerimiz<\/strong><\/p>\n<ul>\n<li>Tarafs\u0131zl\u0131k ve ba\u011f\u0131ms\u0131zl\u0131k<\/li>\n<li>Do\u011frulanm\u0131\u015f bilgi<\/li>\n<li>Kayna\u011f\u0131 \u015feffaf habercilik<\/li>\n<li>Gazetecilik eti\u011fi<\/li>\n<\/ul>\n","protected":false},"excerpt":{"rendered":"<p>Hakk\u0131m\u0131zda Almanya ve T\u00fcrkiye aras\u0131ndaki diplomatik, ekonomik ve toplumsal ili\u015fkileri en g\u00fcncel, en g\u00fcvenilir ve en analitik bak\u0131\u015f a\u00e7\u0131s\u0131yla aktarmak i\u00e7in buraday\u0131z. \u0130\u015f d\u00fcnyas\u0131 ve ba\u015far\u0131 \u00f6yk\u00fclerini oda\u011f\u0131na alan \u00f6zel bir haber ve analiz platformuyuz. \u0130ki \u00fclke aras\u0131ndaki ticari ili\u015fkilerin, yat\u0131r\u0131mlar\u0131n, giri\u015fimcilik hik\u00e2yelerinin ve ekonomik d\u00f6n\u00fc\u015f\u00fcmlerin nabz\u0131n\u0131 tutarak; karar vericilere, i\u015f insanlar\u0131na ve gen\u00e7 profesyonellere [&hellip;]<\/p>\n","protected":false},"author":1,"featured_media":0,"parent":0,"menu_order":0,"comment_status":"closed","ping_status":"closed","template":"","meta":{"footnotes":""},"class_list":["post-300","page","type-page","status-publish"],"_links":{"self":[{"href":"https:\/\/turkdeutsch.com\/index.php\/wp-json\/wp\/v2\/pages\/300","targetHints":{"allow":["GET"]}}],"collection":[{"href":"https:\/\/turkdeutsch.com\/index.php\/wp-json\/wp\/v2\/pages"}],"about":[{"href":"https:\/\/turkdeutsch.com\/index.php\/wp-json\/wp\/v2\/types\/page"}],"author":[{"embeddable":true,"href":"https:\/\/turkdeutsch.com\/index.php\/wp-json\/wp\/v2\/users\/1"}],"replies":[{"embeddable":true,"href":"https:\/\/turkdeutsch.com\/index.php\/wp-json\/wp\/v2\/comments?post=300"}],"version-history":[{"count":5,"href":"https:\/\/turkdeutsch.com\/index.php\/wp-json\/wp\/v2\/pages\/300\/revisions"}],"predecessor-version":[{"id":308,"href":"https:\/\/turkdeutsch.com\/index.php\/wp-json\/wp\/v2\/pages\/300\/revisions\/308"}],"wp:attachment":[{"href":"https:\/\/turkdeutsch.com\/index.php\/wp-json\/wp\/v2\/media?parent=300"}],"curies":[{"name":"wp","href":"https:\/\/api.w.org\/{rel}","templated":true}]}}