{"id":304,"date":"2025-11-30T01:06:35","date_gmt":"2025-11-29T22:06:35","guid":{"rendered":"https:\/\/demositelerim.biz.tr\/dthaber\/index.php\/hakkimizda\/"},"modified":"2025-11-30T02:59:08","modified_gmt":"2025-11-29T23:59:08","slug":"ueber-uns","status":"publish","type":"page","link":"https:\/\/turkdeutsch.com\/de\/index.php\/ueber-uns\/","title":{"rendered":"\u00dcber uns"},"content":{"rendered":"<h2>\u00dcber uns<\/h2>\n<hr \/>\n<p>Wir berichten \u00fcber die diplomatischen, wirtschaftlichen und gesellschaftlichen Beziehungen zwischen Deutschland und der T\u00fcrkei \u2013 aktuell, verl\u00e4sslich und mit einer klaren analytischen Perspektive. Unsere Plattform ist auf Wirtschaftsthemen und Erfolgsgeschichten fokussiert und bietet Entscheidungstr\u00e4gern, Unternehmern sowie jungen Fachkr\u00e4ften fundierte Informationen und inspirierende Inhalte.<\/p>\n<p>Wir begleiten die wirtschaftlichen Entwicklungen, Investitionsstr\u00f6me, Innovationsprojekte und unternehmerischen Geschichten beider L\u00e4nder. Dabei zeigen wir, wie deutsch-t\u00fcrkische Kooperationen neue Impulse schaffen, M\u00e4rkte ver\u00e4ndern und junge Unternehmen ermutigen. Unsere Redaktion besteht aus einem Team, das vom wirtschaftlichen Potenzial beider L\u00e4nder \u00fcberzeugt ist und die Dynamik der bilateralen Beziehungen mit journalistischer Professionalit\u00e4t verfolur.<\/p>\n<h3>Unsere Mission<\/h3>\n<p>Unsere Aufgabe ist es, eine journalistische Br\u00fccke zwischen der deutschen und t\u00fcrkischen Politik sowie Wirtschaft zu schlagen \u2013 mit verl\u00e4sslichen Quellen, vielf\u00e4ltigen Perspektiven und einer analytischen Berichterstattung, die komplexe Entwicklungen klar verst\u00e4ndlich macht.<\/p>\n<h3>Was wir bieten<\/h3>\n<p><strong>Aktuelle Nachrichten:<\/strong><br \/>\nWir verfolgen politische Entwicklungen in Berlin und Ankara in Echtzeit und ordnen sie kompetent ein.<\/p>\n<p><strong>Dossiers &amp; Analysen:<\/strong><br \/>\nWir erstellen umfangreiche Hintergrundberichte zu Au\u00dfenpolitik, Wirtschaftstrends, Migration, Sicherheit, den Beziehungen zur Europ\u00e4ischen Union und regionalen geopolitischen Themen.<\/p>\n<p><strong>Diplomatischer Kalender:<\/strong><br \/>\nWir dokumentieren offizielle Besuche, Abkommen, Erkl\u00e4rungen und strategische Partnerschaften zwischen beiden L\u00e4ndern und analysieren ihre Bedeutung.<\/p>\n<p><strong>Zweisprachiger Journalismus:<\/strong><br \/>\nUnsere Inhalte erscheinen parallel auf Deutsch und T\u00fcrkisch und erreichen damit beide \u00d6ffentlichkeiten gleichzeitig.<\/p>\n<p>Unsere redaktionellen Grunds\u00e4tze<br \/>\nUnabh\u00e4ngigkeit und journalistische Neutralit\u00e4t<br \/>\nVerifizierte Informationen<br \/>\nTransparente Quellenarbeit<br \/>\nHohe journalistische und ethische Standards<\/p>\n","protected":false},"excerpt":{"rendered":"<p>\u00dcber uns Wir berichten \u00fcber die diplomatischen, wirtschaftlichen und gesellschaftlichen Beziehungen zwischen Deutschland und der T\u00fcrkei \u2013 aktuell, verl\u00e4sslich und mit einer klaren analytischen Perspektive. Unsere Plattform ist auf Wirtschaftsthemen und Erfolgsgeschichten fokussiert und bietet Entscheidungstr\u00e4gern, Unternehmern sowie jungen Fachkr\u00e4ften fundierte Informationen und inspirierende Inhalte. Wir begleiten die wirtschaftlichen Entwicklungen, Investitionsstr\u00f6me, Innovationsprojekte und unternehmerischen Geschichten [&hellip;]<\/p>\n","protected":false},"author":1,"featured_media":0,"parent":0,"menu_order":0,"comment_status":"closed","ping_status":"closed","template":"","meta":{"footnotes":""},"class_list":["post-304","page","type-page","status-publish"],"_links":{"self":[{"href":"https:\/\/turkdeutsch.com\/de\/index.php\/wp-json\/wp\/v2\/pages\/304","targetHints":{"allow":["GET"]}}],"collection":[{"href":"https:\/\/turkdeutsch.com\/de\/index.php\/wp-json\/wp\/v2\/pages"}],"about":[{"href":"https:\/\/turkdeutsch.com\/de\/index.php\/wp-json\/wp\/v2\/types\/page"}],"author":[{"embeddable":true,"href":"https:\/\/turkdeutsch.com\/de\/index.php\/wp-json\/wp\/v2\/users\/1"}],"replies":[{"embeddable":true,"href":"https:\/\/turkdeutsch.com\/de\/index.php\/wp-json\/wp\/v2\/comments?post=304"}],"version-history":[{"count":3,"href":"https:\/\/turkdeutsch.com\/de\/index.php\/wp-json\/wp\/v2\/pages\/304\/revisions"}],"predecessor-version":[{"id":309,"href":"https:\/\/turkdeutsch.com\/de\/index.php\/wp-json\/wp\/v2\/pages\/304\/revisions\/309"}],"wp:attachment":[{"href":"https:\/\/turkdeutsch.com\/de\/index.php\/wp-json\/wp\/v2\/media?parent=304"}],"curies":[{"name":"wp","href":"https:\/\/api.w.org\/{rel}","templated":true}]}}